{"id":28,"date":"2026-03-04T16:14:47","date_gmt":"2026-03-04T15:14:47","guid":{"rendered":"https:\/\/rtj4you.com\/?page_id=28"},"modified":"2026-03-04T17:06:41","modified_gmt":"2026-03-04T16:06:41","slug":"home","status":"publish","type":"page","link":"https:\/\/rtj4you.com\/","title":{"rendered":"Home"},"content":{"rendered":"\n<div class=\"wp-block-group alignfull is-content-justification-center is-layout-constrained wp-container-core-group-is-layout-df757ecc wp-block-group-is-layout-constrained\" style=\"margin-top:0;margin-bottom:0;padding-top:calc( 0.5 * var(--wp--style--root--padding-right, var(--wp--custom--gap--horizontal)));padding-right:var(--wp--style--root--padding-right, var(--wp--custom--gap--horizontal));padding-bottom:calc( 0.5 * var(--wp--style--root--padding-right, var(--wp--custom--gap--horizontal)));padding-left:var(--wp--style--root--padding-left, var(--wp--custom--gap--horizontal))\">\n<div style=\"height:calc( 0.25 * var(--wp--style--root--padding-right, var(--wp--custom--gap--horizontal)))\" aria-hidden=\"true\" class=\"wp-block-spacer\"><\/div>\n\n\n\n<div class=\"wp-block-columns alignwide are-vertically-aligned-center is-layout-flex wp-container-core-columns-is-layout-7fc3d43a wp-block-columns-is-layout-flex\">\n<div class=\"wp-block-column is-vertically-aligned-center is-layout-flow wp-block-column-is-layout-flow\">\n<figure class=\"wp-block-image size-full is-resized\"><img loading=\"lazy\" decoding=\"async\" width=\"2560\" height=\"1707\" src=\"http:\/\/rtj4you.com\/wp-content\/uploads\/2026\/03\/pexels-perfecto-capucine-515848-1329571-scaled.jpg\" alt=\"\" class=\"wp-image-37\" style=\"aspect-ratio:1;object-fit:cover;width:515px;height:auto\" srcset=\"https:\/\/rtj4you.com\/wp-content\/uploads\/2026\/03\/pexels-perfecto-capucine-515848-1329571-scaled.jpg 2560w, https:\/\/rtj4you.com\/wp-content\/uploads\/2026\/03\/pexels-perfecto-capucine-515848-1329571-300x200.jpg 300w, https:\/\/rtj4you.com\/wp-content\/uploads\/2026\/03\/pexels-perfecto-capucine-515848-1329571-1024x683.jpg 1024w, https:\/\/rtj4you.com\/wp-content\/uploads\/2026\/03\/pexels-perfecto-capucine-515848-1329571-768x512.jpg 768w, https:\/\/rtj4you.com\/wp-content\/uploads\/2026\/03\/pexels-perfecto-capucine-515848-1329571-1536x1024.jpg 1536w, https:\/\/rtj4you.com\/wp-content\/uploads\/2026\/03\/pexels-perfecto-capucine-515848-1329571-2048x1365.jpg 2048w, https:\/\/rtj4you.com\/wp-content\/uploads\/2026\/03\/pexels-perfecto-capucine-515848-1329571-1320x880.jpg 1320w, https:\/\/rtj4you.com\/wp-content\/uploads\/2026\/03\/pexels-perfecto-capucine-515848-1329571-600x400.jpg 600w\" sizes=\"auto, (max-width: 2560px) 100vw, 2560px\" \/><\/figure>\n<\/div>\n\n\n\n<div class=\"wp-block-column is-vertically-aligned-center is-layout-flow wp-block-column-is-layout-flow\">\n<h2 class=\"wp-block-heading alignwide has-text-align-center\">Odkryj \u015awiat E-Book\u00f3w<\/h2>\n\n\n\n<h4 class=\"wp-block-heading alignwide has-text-align-center\">Najlepsze tytu\u0142y w jednym miejscu<\/h4>\n\n\n\n<p class=\"has-text-align-center\"><mark style=\"background-color:rgba(0, 0, 0, 0)\" class=\"has-inline-color has-ast-global-color-0-color\">RTJ4YOU<\/mark> to idealne miejsce dla mi\u0142o\u015bnik\u00f3w ksi\u0105\u017cek, zapewniaj\u0105ce \u0142atwy dost\u0119p do bogatej oferty e-book\u00f3w w r\u00f3\u017cnych gatunkach. Ciesz si\u0119 konkurencyjnymi cenami i wygod\u0105 zakup\u00f3w online.<\/p>\n\n\n\n<div class=\"wp-block-buttons is-content-justification-center is-layout-flex wp-container-core-buttons-is-layout-a89b3969 wp-block-buttons-is-layout-flex\">\n<div class=\"wp-block-button\"><a class=\"wp-block-button__link wp-element-button\" href=\"https:\/\/rtj4you.com\/?post_type=product\">Kup E-Book<\/a><\/div>\n<\/div>\n<\/div>\n<\/div>\n<\/div>\n\n\n\n<blockquote class=\"wp-block-quote is-layout-flow wp-block-quote-is-layout-flow\">\n<p><\/p>\n<cite><strong>\u201eCzytanie ksi\u0105\u017cek to najpi\u0119kniejsza zabawa, jak\u0105 sobie ludzko\u015b\u0107 wymy\u015bli\u0142a\u201d<\/strong>&nbsp;\u2013 <a href=\"https:\/\/pl.wikipedia.org\/wiki\/Wis%C5%82awa_Szymborska\">Wis\u0142awa Szymborska<\/a><\/cite><\/blockquote>\n\n\n\n<figure class=\"wp-block-image aligncenter size-full is-resized\"><img loading=\"lazy\" decoding=\"async\" width=\"1024\" height=\"576\" src=\"https:\/\/rtj4you.com\/wp-content\/uploads\/2026\/03\/ebook-store-edited.png\" alt=\"\" class=\"wp-image-45\" style=\"width:1151px;height:auto\" srcset=\"https:\/\/rtj4you.com\/wp-content\/uploads\/2026\/03\/ebook-store-edited.png 1024w, https:\/\/rtj4you.com\/wp-content\/uploads\/2026\/03\/ebook-store-edited-300x169.png 300w, https:\/\/rtj4you.com\/wp-content\/uploads\/2026\/03\/ebook-store-edited-768x432.png 768w, https:\/\/rtj4you.com\/wp-content\/uploads\/2026\/03\/ebook-store-edited-600x338.png 600w\" sizes=\"auto, (max-width: 1024px) 100vw, 1024px\" \/><\/figure>\n\n\n\n<div class=\"wp-block-columns is-layout-flex wp-container-core-columns-is-layout-28f84493 wp-block-columns-is-layout-flex\">\n<div class=\"wp-block-column is-vertically-aligned-center is-layout-flow wp-block-column-is-layout-flow\">\n<h2 class=\"wp-block-heading has-text-align-center\">Poznaj nasz\u0105 misj\u0119 i pasj\u0119 do literatury.<\/h2>\n\n\n\n<div class=\"wp-block-buttons is-content-justification-center is-layout-flex wp-container-core-buttons-is-layout-098cc607 wp-block-buttons-is-layout-flex\">\n<div class=\"wp-block-button\"><a class=\"wp-block-button__link wp-element-button\" href=\"https:\/\/rtj4you.com\/?post_type=product\">Biblioteka<\/a><\/div>\n<\/div>\n<\/div>\n\n\n\n<div class=\"wp-block-column is-layout-flow wp-block-column-is-layout-flow\">\n<h5 class=\"wp-block-heading has-text-align-center\">RTJ4YOU powsta\u0142o z ch\u0119ci zaspokojenia potrzeb mi\u0142o\u015bnik\u00f3w ksi\u0105\u017cek.<\/h5>\n\n\n\n<figure class=\"wp-block-image size-full\"><img loading=\"lazy\" decoding=\"async\" width=\"600\" height=\"405\" src=\"http:\/\/rtj4you.com\/wp-content\/uploads\/2026\/03\/depositphotos_3122736-stock-photo-downlaod-the-e-book.webp\" alt=\"\" class=\"wp-image-29\" srcset=\"https:\/\/rtj4you.com\/wp-content\/uploads\/2026\/03\/depositphotos_3122736-stock-photo-downlaod-the-e-book.webp 600w, https:\/\/rtj4you.com\/wp-content\/uploads\/2026\/03\/depositphotos_3122736-stock-photo-downlaod-the-e-book-300x203.webp 300w\" sizes=\"auto, (max-width: 600px) 100vw, 600px\" \/><\/figure>\n\n\n\n<p class=\"has-text-align-center\">Nasza misja to dostarczanie wysokiej jako\u015bci e-book\u00f3w w konkurencyjnych cenach, co przyci\u0105ga rzesze zadowolonych klient\u00f3w.<\/p>\n<\/div>\n<\/div>\n\n\n\n<hr class=\"wp-block-separator has-alpha-channel-opacity is-style-wide\"\/>\n\n\n\n<div class=\"wp-block-columns is-layout-flex wp-container-core-columns-is-layout-28f84493 wp-block-columns-is-layout-flex\">\n<div class=\"wp-block-column is-layout-flow wp-block-column-is-layout-flow\">\n<h2 class=\"wp-block-heading\">01.<\/h2>\n\n\n\n<hr class=\"wp-block-separator has-alpha-channel-opacity is-style-wide\"\/>\n\n\n\n<h2 class=\"wp-block-heading\">Szeroki wyb\u00f3r e-book\u00f3w<\/h2>\n\n\n\n<p>Oferujemy bogaty asortyment e-book\u00f3w w r\u00f3\u017cnych gatunkach literackich.<\/p>\n\n\n\n<figure class=\"wp-block-image size-full\"><img loading=\"lazy\" decoding=\"async\" width=\"640\" height=\"426\" src=\"http:\/\/rtj4you.com\/wp-content\/uploads\/2026\/03\/xFhyChZynKKgzDDW1BmMe6rhdQVxlSnOKDDxdyygDNc.webp\" alt=\"\" class=\"wp-image-51\" srcset=\"https:\/\/rtj4you.com\/wp-content\/uploads\/2026\/03\/xFhyChZynKKgzDDW1BmMe6rhdQVxlSnOKDDxdyygDNc.webp 640w, https:\/\/rtj4you.com\/wp-content\/uploads\/2026\/03\/xFhyChZynKKgzDDW1BmMe6rhdQVxlSnOKDDxdyygDNc-300x200.webp 300w, https:\/\/rtj4you.com\/wp-content\/uploads\/2026\/03\/xFhyChZynKKgzDDW1BmMe6rhdQVxlSnOKDDxdyygDNc-600x399.webp 600w\" sizes=\"auto, (max-width: 640px) 100vw, 640px\" \/><\/figure>\n<\/div>\n\n\n\n<div class=\"wp-block-column is-layout-flow wp-block-column-is-layout-flow\">\n<h2 class=\"wp-block-heading\">02.<\/h2>\n\n\n\n<hr class=\"wp-block-separator has-alpha-channel-opacity is-style-wide\"\/>\n\n\n\n<h2 class=\"wp-block-heading\">Konkurencyjne ceny<\/h2>\n\n\n\n<p>Oferujemy atrakcyjne ceny e-book\u00f3w, na kt\u00f3re ka\u017cdy mo\u017ce sobie pozwoli\u0107.<\/p>\n\n\n\n<figure class=\"wp-block-image size-full\"><img loading=\"lazy\" decoding=\"async\" width=\"640\" height=\"480\" src=\"http:\/\/rtj4you.com\/wp-content\/uploads\/2026\/03\/glasses-1052010_640.jpg\" alt=\"\" class=\"wp-image-52\" srcset=\"https:\/\/rtj4you.com\/wp-content\/uploads\/2026\/03\/glasses-1052010_640.jpg 640w, https:\/\/rtj4you.com\/wp-content\/uploads\/2026\/03\/glasses-1052010_640-300x225.jpg 300w, https:\/\/rtj4you.com\/wp-content\/uploads\/2026\/03\/glasses-1052010_640-600x450.jpg 600w\" sizes=\"auto, (max-width: 640px) 100vw, 640px\" \/><\/figure>\n<\/div>\n\n\n\n<div class=\"wp-block-column is-layout-flow wp-block-column-is-layout-flow\">\n<h2 class=\"wp-block-heading\">03.<\/h2>\n\n\n\n<hr class=\"wp-block-separator has-alpha-channel-opacity is-style-wide\"\/>\n\n\n\n<h2 class=\"wp-block-heading\">\u0141atwy proces zakupu<\/h2>\n\n\n\n<p>Zakupy w naszym sklepie s\u0105 proste i intuicyjne, dzi\u0119ki czemuzaoszcz\u0119dzisz czas.<\/p>\n\n\n\n<figure class=\"wp-block-image size-full\"><img loading=\"lazy\" decoding=\"async\" width=\"2560\" height=\"1707\" src=\"http:\/\/rtj4you.com\/wp-content\/uploads\/2026\/03\/pexels-perfecto-capucine-515848-1329571-1-scaled.jpg\" alt=\"\" class=\"wp-image-54\" srcset=\"https:\/\/rtj4you.com\/wp-content\/uploads\/2026\/03\/pexels-perfecto-capucine-515848-1329571-1-scaled.jpg 2560w, https:\/\/rtj4you.com\/wp-content\/uploads\/2026\/03\/pexels-perfecto-capucine-515848-1329571-1-300x200.jpg 300w, https:\/\/rtj4you.com\/wp-content\/uploads\/2026\/03\/pexels-perfecto-capucine-515848-1329571-1-1024x683.jpg 1024w, https:\/\/rtj4you.com\/wp-content\/uploads\/2026\/03\/pexels-perfecto-capucine-515848-1329571-1-768x512.jpg 768w, https:\/\/rtj4you.com\/wp-content\/uploads\/2026\/03\/pexels-perfecto-capucine-515848-1329571-1-1536x1024.jpg 1536w, https:\/\/rtj4you.com\/wp-content\/uploads\/2026\/03\/pexels-perfecto-capucine-515848-1329571-1-2048x1365.jpg 2048w, https:\/\/rtj4you.com\/wp-content\/uploads\/2026\/03\/pexels-perfecto-capucine-515848-1329571-1-1320x880.jpg 1320w, https:\/\/rtj4you.com\/wp-content\/uploads\/2026\/03\/pexels-perfecto-capucine-515848-1329571-1-600x400.jpg 600w\" sizes=\"auto, (max-width: 2560px) 100vw, 2560px\" \/><\/figure>\n<\/div>\n<\/div>\n\n\n\n<div class=\"wp-block-columns is-layout-flex wp-container-core-columns-is-layout-28f84493 wp-block-columns-is-layout-flex\">\n<div class=\"wp-block-column is-layout-flow wp-block-column-is-layout-flow\">\n<h1 class=\"wp-block-heading has-text-align-center\">Zanurz Si\u0119 W \u015awiecie Literatury!<\/h1>\n\n\n\n<h5 class=\"wp-block-heading has-text-align-center\">Nie czekaj, odkryj nasze najnowsze e-booki ju\u017c teraz!<\/h5>\n\n\n\n<div class=\"wp-block-buttons is-content-justification-center is-layout-flex wp-container-core-buttons-is-layout-a89b3969 wp-block-buttons-is-layout-flex\">\n<div class=\"wp-block-button\"><a class=\"wp-block-button__link has-text-align-center wp-element-button\" href=\"https:\/\/rtj4you.com\/?post_type=product\">Kup E-Book<\/a><\/div>\n<\/div>\n<\/div>\n<\/div>\n\n\n\n<p><\/p>\n","protected":false},"excerpt":{"rendered":"<p>Odkryj \u015awiat E-Book\u00f3w Najlepsze tytu\u0142y w jednym miejscu RTJ4YOU to idealne miejsce dla mi\u0142o\u015bnik\u00f3w ksi\u0105\u017cek, zapewniaj\u0105ce \u0142atwy dost\u0119p do bogatej [&hellip;]<\/p>\n","protected":false},"author":1,"featured_media":0,"parent":0,"menu_order":0,"comment_status":"closed","ping_status":"closed","template":"","meta":{"_acf_changed":false,"site-sidebar-layout":"default","site-content-layout":"","ast-site-content-layout":"default","site-content-style":"default","site-sidebar-style":"default","ast-global-header-display":"","ast-banner-title-visibility":"","ast-main-header-display":"","ast-hfb-above-header-display":"","ast-hfb-below-header-display":"","ast-hfb-mobile-header-display":"","site-post-title":"disabled","ast-breadcrumbs-content":"","ast-featured-img":"","footer-sml-layout":"","ast-disable-related-posts":"","theme-transparent-header-meta":"","adv-header-id-meta":"","stick-header-meta":"","header-above-stick-meta":"","header-main-stick-meta":"","header-below-stick-meta":"","astra-migrate-meta-layouts":"default","ast-page-background-enabled":"default","ast-page-background-meta":{"desktop":{"background-color":"var(--ast-global-color-5)","background-image":"","background-repeat":"repeat","background-position":"center center","background-size":"auto","background-attachment":"scroll","background-type":"","background-media":"","overlay-type":"","overlay-color":"","overlay-opacity":"","overlay-gradient":""},"tablet":{"background-color":"","background-image":"","background-repeat":"repeat","background-position":"center center","background-size":"auto","background-attachment":"scroll","background-type":"","background-media":"","overlay-type":"","overlay-color":"","overlay-opacity":"","overlay-gradient":""},"mobile":{"background-color":"","background-image":"","background-repeat":"repeat","background-position":"center center","background-size":"auto","background-attachment":"scroll","background-type":"","background-media":"","overlay-type":"","overlay-color":"","overlay-opacity":"","overlay-gradient":""}},"ast-content-background-meta":{"desktop":{"background-color":"var(--ast-global-color-4)","background-image":"","background-repeat":"repeat","background-position":"center center","background-size":"auto","background-attachment":"scroll","background-type":"","background-media":"","overlay-type":"","overlay-color":"","overlay-opacity":"","overlay-gradient":""},"tablet":{"background-color":"var(--ast-global-color-4)","background-image":"","background-repeat":"repeat","background-position":"center center","background-size":"auto","background-attachment":"scroll","background-type":"","background-media":"","overlay-type":"","overlay-color":"","overlay-opacity":"","overlay-gradient":""},"mobile":{"background-color":"var(--ast-global-color-4)","background-image":"","background-repeat":"repeat","background-position":"center center","background-size":"auto","background-attachment":"scroll","background-type":"","background-media":"","overlay-type":"","overlay-color":"","overlay-opacity":"","overlay-gradient":""}},"footnotes":""},"class_list":["post-28","page","type-page","status-publish","hentry"],"acf":[],"jetpack_sharing_enabled":true,"_links":{"self":[{"href":"https:\/\/rtj4you.com\/index.php?rest_route=\/wp\/v2\/pages\/28","targetHints":{"allow":["GET"]}}],"collection":[{"href":"https:\/\/rtj4you.com\/index.php?rest_route=\/wp\/v2\/pages"}],"about":[{"href":"https:\/\/rtj4you.com\/index.php?rest_route=\/wp\/v2\/types\/page"}],"author":[{"embeddable":true,"href":"https:\/\/rtj4you.com\/index.php?rest_route=\/wp\/v2\/users\/1"}],"replies":[{"embeddable":true,"href":"https:\/\/rtj4you.com\/index.php?rest_route=%2Fwp%2Fv2%2Fcomments&post=28"}],"version-history":[{"count":5,"href":"https:\/\/rtj4you.com\/index.php?rest_route=\/wp\/v2\/pages\/28\/revisions"}],"predecessor-version":[{"id":56,"href":"https:\/\/rtj4you.com\/index.php?rest_route=\/wp\/v2\/pages\/28\/revisions\/56"}],"wp:attachment":[{"href":"https:\/\/rtj4you.com\/index.php?rest_route=%2Fwp%2Fv2%2Fmedia&parent=28"}],"curies":[{"name":"wp","href":"https:\/\/api.w.org\/{rel}","templated":true}]}}